{"id":174,"date":"2020-02-26T11:48:48","date_gmt":"2020-02-26T11:48:48","guid":{"rendered":"https:\/\/demosites.io\/lawyers-gb\/?page_id=174"},"modified":"2026-02-08T18:58:21","modified_gmt":"2026-02-08T18:58:21","slug":"a02e5-contact-us","status":"publish","type":"page","link":"https:\/\/kardaslar.com\/?page_id=174","title":{"rendered":"\u0130leti\u015fim"},"content":{"rendered":"\n<div id=\"wp-block-themeisle-blocks-advanced-columns-fd115547\" class=\"wp-block-themeisle-blocks-advanced-columns alignfull has-1-columns has-desktop-equal-layout has-tablet-equal-layout has-mobile-equal-layout has-vertical-unset\"><div class=\"wp-block-themeisle-blocks-advanced-columns-overlay\"><\/div><div class=\"innerblocks-wrap\">\n<div id=\"wp-block-themeisle-blocks-advanced-column-de2aa3a2\" class=\"wp-block-themeisle-blocks-advanced-column has-dark-bg\">\n<p id=\"wp-block-themeisle-blocks-advanced-heading-fb9ebb12\" class=\"wp-block-themeisle-blocks-advanced-heading wp-block-themeisle-blocks-advanced-heading-fb9ebb12\">\u0130LET\u0130\u015e\u0130M<\/p>\n\n\n\n<h1 class=\"wp-block-heading has-text-align-center has-nv-text-dark-bg-color has-text-color\">B\u0130ZE ULA\u015eIN!<\/h1>\n<\/div>\n<\/div><\/div>\n\n\n\n<div id=\"wp-block-themeisle-blocks-advanced-columns-7c7a89c9\" class=\"wp-block-themeisle-blocks-advanced-columns alignfull has-2-columns has-desktop-equal-layout has-tablet-equal-layout has-mobile-collapsedRows-layout has-vertical-center\"><div class=\"wp-block-themeisle-blocks-advanced-columns-overlay\"><\/div><div class=\"innerblocks-wrap\">\n<div id=\"wp-block-themeisle-blocks-advanced-column-6b5d17f2\" class=\"wp-block-themeisle-blocks-advanced-column\">\n<figure class=\"wp-block-image size-full is-resized\"><img loading=\"lazy\" decoding=\"async\" width=\"1024\" height=\"768\" src=\"https:\/\/kardaslar.com\/wp-content\/uploads\/2022\/09\/WhatsApp-Image-2022-09-17-at-12.05.07.jpeg\" alt=\"\" class=\"wp-image-391\" style=\"width:587px;height:440px\" srcset=\"https:\/\/kardaslar.com\/wp-content\/uploads\/2022\/09\/WhatsApp-Image-2022-09-17-at-12.05.07.jpeg 1024w, https:\/\/kardaslar.com\/wp-content\/uploads\/2022\/09\/WhatsApp-Image-2022-09-17-at-12.05.07-300x225.jpeg 300w, https:\/\/kardaslar.com\/wp-content\/uploads\/2022\/09\/WhatsApp-Image-2022-09-17-at-12.05.07-768x576.jpeg 768w\" sizes=\"auto, (max-width: 1024px) 100vw, 1024px\" \/><\/figure>\n<\/div>\n\n\n\n<div id=\"wp-block-themeisle-blocks-advanced-column-be5e45fb\" class=\"wp-block-themeisle-blocks-advanced-column\">\n<h2 class=\"wp-block-heading\"> B\u0130ZE ULA\u015eIN<\/h2>\n\n\n\n<hr class=\"wp-block-separator has-text-color has-css-opacity has-background is-style-wide\" style=\"background-color:#e8e8e8;color:#e8e8e8\"\/>\n\n\n\n<p><\/p>\n\n\n\n<p><\/p>\n\n\n\n<h5 class=\"wp-block-heading\">\u00c7ALI\u015eMA SAATLER\u0130 : <\/h5>\n\n\n\n<h5 class=\"wp-block-heading\">Hafta i\u00e7i : 09.00 &#8211; 17.30<\/h5>\n\n\n\n<h5 class=\"wp-block-heading\">Cumartesi : 10.00 &#8211; 15.00<\/h5>\n\n\n\n<h5 class=\"wp-block-heading\">Menderes Caddesi G\u00fcrc\u00fckap\u0131 \u0130\u015f Merkezi<\/h5>\n\n\n\n<h5 class=\"wp-block-heading\">Kat : 4 No: 404<\/h5>\n\n\n\n<h5 class=\"wp-block-heading\">Yakutiye \/ ERZURUM<\/h5>\n\n\n\n<h5 class=\"wp-block-heading\">0(554) 674 6704 &#8211; info@kardaslar.com<\/h5>\n<\/div>\n<\/div><\/div>\n\n\n\n<div id=\"wp-block-themeisle-blocks-advanced-columns-9f50749c\" class=\"wp-block-themeisle-blocks-advanced-columns alignfull has-1-columns has-desktop-equal-layout has-tablet-equal-layout has-mobile-collapsedRows-layout has-vertical-center\"><div class=\"wp-block-themeisle-blocks-advanced-columns-overlay\"><\/div><div class=\"innerblocks-wrap\">\n<div id=\"wp-block-themeisle-blocks-advanced-column-a4eff233\" class=\"wp-block-themeisle-blocks-advanced-column\">\n<iframe src=\"https:\/\/www.google.com\/maps\/embed?pb=!1m18!1m12!1m3!1d3060.353933816722!2d41.27320307567333!3d39.91109497152547!2m3!1f0!2f0!3f0!3m2!1i1024!2i768!4f13.1!3m3!1m2!1s0x406e5f50bed33543%3A0x6cd972574fe6d245!2sKarda%C5%9Flar%20Hukuk%20ve%20Arabuluculuk%20B%C3%BCrosu!5e0!3m2!1str!2str!4v1709721183711!5m2!1str!2str\" width=\"600\" height=\"450\" style=\"border:0;\" allowfullscreen=\"\" loading=\"lazy\" referrerpolicy=\"no-referrer-when-downgrade\"><\/iframe>\n<\/div>\n<\/div><\/div>\n","protected":false},"excerpt":{"rendered":"","protected":false},"author":2,"featured_media":0,"parent":0,"menu_order":0,"comment_status":"closed","ping_status":"closed","template":"page-templates\/template-pagebuilder-full-width.php","meta":{"neve_meta_sidebar":"full-width","neve_meta_container":"contained","neve_meta_enable_content_width":"on","neve_meta_content_width":100,"neve_meta_title_alignment":"","neve_meta_author_avatar":"","neve_post_elements_order":"","neve_meta_disable_header":"","neve_meta_disable_footer":"","neve_meta_disable_title":"","_themeisle_gutenberg_block_has_review":false,"footnotes":""},"class_list":["post-174","page","type-page","status-publish","hentry"],"_links":{"self":[{"href":"https:\/\/kardaslar.com\/index.php?rest_route=\/wp\/v2\/pages\/174","targetHints":{"allow":["GET"]}}],"collection":[{"href":"https:\/\/kardaslar.com\/index.php?rest_route=\/wp\/v2\/pages"}],"about":[{"href":"https:\/\/kardaslar.com\/index.php?rest_route=\/wp\/v2\/types\/page"}],"author":[{"embeddable":true,"href":"https:\/\/kardaslar.com\/index.php?rest_route=\/wp\/v2\/users\/2"}],"replies":[{"embeddable":true,"href":"https:\/\/kardaslar.com\/index.php?rest_route=%2Fwp%2Fv2%2Fcomments&post=174"}],"version-history":[{"count":9,"href":"https:\/\/kardaslar.com\/index.php?rest_route=\/wp\/v2\/pages\/174\/revisions"}],"predecessor-version":[{"id":516,"href":"https:\/\/kardaslar.com\/index.php?rest_route=\/wp\/v2\/pages\/174\/revisions\/516"}],"wp:attachment":[{"href":"https:\/\/kardaslar.com\/index.php?rest_route=%2Fwp%2Fv2%2Fmedia&parent=174"}],"curies":[{"name":"wp","href":"https:\/\/api.w.org\/{rel}","templated":true}]}}